{"id":2458,"date":"2019-09-16T20:45:14","date_gmt":"2019-09-16T20:45:14","guid":{"rendered":"https:\/\/gerntholtz.com\/privacy-policy\/"},"modified":"2019-10-24T15:53:22","modified_gmt":"2019-10-24T15:53:22","slug":"datenschutz","status":"publish","type":"page","link":"https:\/\/gerntholtz.com\/de\/datenschutz\/","title":{"rendered":"Datenschutz"},"content":{"rendered":"<div class=\"wpb-content-wrapper\"><p>[vc_row css=&#8220;.vc_custom_1568664055829{padding-top: 40px !important;padding-right: 40px !important;padding-bottom: 40px !important;padding-left: 40px !important;}&#8220;][vc_column][vc_column_text]<\/p>\n<h1>Datenschutzerkl\u00e4rung f\u00fcr GERNTHOLTZ<\/h1>\n<p>Bei Gerntholtz, aufrufbar unter https:\/\/gerntholtz.com, ist die Privatsph\u00e4re unserer Besucher eine unserer Hauptpriorit\u00e4ten. Dieses Datenschutzdokument enth\u00e4lt Arten von Informationen, die von Gerntholtz gesammelt und aufgezeichnet werden, und wie wir sie verwenden.<\/p>\n<p>Wenn Sie weitere Fragen haben oder weitere Informationen zu unseren Datenschutzbestimmungen ben\u00f6tigen, z\u00f6gern Sie nicht, uns per E-Mail unter info@gerntholtz.com zu kontaktieren<\/p>\n<h2>Protokolldateien<\/h2>\n<p>Gerntholtz folgt einem Standardverfahren zur Verwendung von Protokolldateien. Diese Dateien protokollieren Besucher, wenn sie Websites besuchen. Dies tun alle Hosting-Unternehmen und ein Teil der Analyse von Hosting-Services. Die von den Protokolldateien gesammelten Informationen umfassen IP-Adressen (Internet Protocol), Browsertyp, Internetdienstanbieter (Internet Service Provider, ISP), Datums- und Zeitstempel, Verweis- \/ Beendigungsseiten und m\u00f6glicherweise die Anzahl der Klicks. Diese sind nicht mit personenbezogenen Daten verkn\u00fcpft. Der Zweck der Informationen besteht darin, Trends zu analysieren, die Website zu verwalten, die Bewegungen der Benutzer auf der Website zu verfolgen und demografische Informationen zu sammeln.<\/p>\n<h2>Cookies und Web Beacons<\/h2>\n<p>Gerntholtz verwendet wie jede andere Website \u201aCookies &#8218;. Diese Cookies werden verwendet, um Informationen zu speichern, einschlie\u00dflich der Pr\u00e4ferenzen der Besucher und der Seiten auf der Website, auf die der Besucher zugegriffen oder die er besucht hat. Die Informationen werden verwendet, um die Benutzererfahrung zu optimieren, indem der Inhalt unserer Webseiten basierend auf dem Browsertyp der Besucher und \/ oder anderen Informationen angepasst wird.<\/p>\n<h2>Datenschutzrichtlinien<\/h2>\n<p>In dieser Liste finden Sie die Datenschutzbestimmungen f\u00fcr jeden Werbepartner von Gerntholtz. Unsere Datenschutzrichtlinie wurde mithilfe des Generators f\u00fcr Datenschutzrichtlinien erstellt.<\/p>\n<p>Ad-Server oder Ad-Netzwerke von Drittanbietern verwenden Technologien wie Cookies, JavaScript oder Web Beacons, die in ihren jeweiligen Anzeigen verwendet werden, und Links, die auf Gerntholtz angezeigt werden und direkt an den Browser des Nutzers gesendet werden. Sie erhalten in diesem Fall automatisch Ihre IP-Adresse. Diese Technologien werden verwendet, um die Wirksamkeit ihrer Werbekampagnen zu messen und \/ oder den Werbeinhalt, den Sie auf von Ihnen besuchten Websites sehen, zu personalisieren.<\/p>\n<p>Beachten Sie, dass Gerntholtz keinen Zugriff auf oder keine Kontrolle \u00fcber diese Cookies hat, die von Werbekunden von Drittanbietern verwendet werden.<\/p>\n<h2>Datenschutzrichtlinien von Drittanbietern<\/h2>\n<p>Die Datenschutzbestimmungen von Gerntholtz gelten nicht f\u00fcr andere Werbetreibende oder Websites. Aus diesem Grund empfehlen wir Ihnen, die jeweiligen Datenschutzrichtlinien dieser Ad-Server von Drittanbietern zu Rate zu ziehen, um detailliertere Informationen zu erhalten. Es kann ihre Vorgehensweisen und Anweisungen zum Deaktivieren bestimmter Optionen enthalten. Eine vollst\u00e4ndige Liste dieser Datenschutzrichtlinien und ihrer Links finden Sie hier: Datenschutzrichtlinien-Links.<\/p>\n<p>Sie k\u00f6nnen Cookies \u00fcber Ihre individuellen Browseroptionen deaktivieren. Ausf\u00fchrlichere Informationen zur Cookie-Verwaltung mit bestimmten Webbrowsern finden Sie auf den jeweiligen Websites der Browser. Was sind Cookies?<\/p>\n<h2>Informationen f\u00fcr Kinder<\/h2>\n<p>Ein weiterer Schwerpunkt liegt auf dem Schutz von Kindern bei der Nutzung des Internets. Wir ermutigen Eltern und Erziehungsberechtigte, ihre Online-Aktivit\u00e4ten zu beobachten, daran teilzunehmen und \/ oder zu \u00fcberwachen und zu leiten.<\/p>\n<p>Gerntholtz sammelt wissentlich keine personenbezogenen Daten von Kindern unter 13 Jahren. Wenn Sie der Meinung sind, dass Ihr Kind diese Informationen auf unserer Website zur Verf\u00fcgung gestellt hat, empfehlen wir Ihnen dringend, uns unverz\u00fcglich zu kontaktieren, und wir werden uns bem\u00fchen, diese umgehend zu entfernen solche Informationen aus unseren Unterlagen.<\/p>\n<h2>Nur Online-Datenschutzbestimmungen<\/h2>\n<p>Diese Datenschutzerkl\u00e4rung gilt nur f\u00fcr unsere Online-Aktivit\u00e4ten und gilt f\u00fcr Besucher unserer Website in Bezug auf die Informationen, die sie in Gerntholtz geteilt und \/ oder gesammelt haben. Diese Richtlinie gilt nicht f\u00fcr Informationen, die offline oder \u00fcber andere Kan\u00e4le als diese Website erfasst werden.<\/p>\n<h2>Zustimmung<\/h2>\n<p>Durch die Nutzung unserer Website erkl\u00e4ren Sie sich hiermit mit unseren Datenschutzbestimmungen einverstanden und stimmen deren Allgemeinen Gesch\u00e4ftsbedingungen zu.[\/vc_column_text][\/vc_column][\/vc_row]<\/p>\n<\/div>","protected":false},"excerpt":{"rendered":"<p>[vc_row css=&#8220;.vc_custom_1568664055829{padding-top: 40px !important;padding-right: 40px !important;padding-bottom: 40px !important;padding-left: 40px !important;}&#8220;][vc_column][vc_column_text] Datenschutzerkl\u00e4rung f\u00fcr GERNTHOLTZ Bei Gerntholtz, aufrufbar unter https:\/\/gerntholtz.com, ist die Privatsph\u00e4re unserer Besucher eine unserer Hauptpriorit\u00e4ten. Dieses Datenschutzdokument enth\u00e4lt Arten von Informationen, die von Gerntholtz gesammelt und aufgezeichnet werden, und wie wir sie verwenden. Wenn Sie weitere Fragen haben oder weitere Informationen zu unseren Datenschutzbestimmungen [&hellip;]<\/p>\n","protected":false},"author":2,"featured_media":0,"parent":0,"menu_order":0,"comment_status":"closed","ping_status":"closed","template":"","meta":{"footnotes":""},"class_list":["post-2458","page","type-page","status-publish","hentry"],"_links":{"self":[{"href":"https:\/\/gerntholtz.com\/de\/wp-json\/wp\/v2\/pages\/2458","targetHints":{"allow":["GET"]}}],"collection":[{"href":"https:\/\/gerntholtz.com\/de\/wp-json\/wp\/v2\/pages"}],"about":[{"href":"https:\/\/gerntholtz.com\/de\/wp-json\/wp\/v2\/types\/page"}],"author":[{"embeddable":true,"href":"https:\/\/gerntholtz.com\/de\/wp-json\/wp\/v2\/users\/2"}],"replies":[{"embeddable":true,"href":"https:\/\/gerntholtz.com\/de\/wp-json\/wp\/v2\/comments?post=2458"}],"version-history":[{"count":0,"href":"https:\/\/gerntholtz.com\/de\/wp-json\/wp\/v2\/pages\/2458\/revisions"}],"wp:attachment":[{"href":"https:\/\/gerntholtz.com\/de\/wp-json\/wp\/v2\/media?parent=2458"}],"curies":[{"name":"wp","href":"https:\/\/api.w.org\/{rel}","templated":true}]}}